{"id":271,"date":"2023-07-02T18:46:50","date_gmt":"2023-07-02T15:46:50","guid":{"rendered":"https:\/\/asikiko.tmy-servers.eu\/?page_id=271"},"modified":"2023-07-03T11:28:12","modified_gmt":"2023-07-03T08:28:12","slug":"cookies","status":"publish","type":"page","link":"https:\/\/asikikorestaurant.gr\/de\/cookies\/","title":{"rendered":"Cookies"},"content":{"rendered":"\n<p><strong>WARUM VERWENDEN WIR COOKIES?<\/strong><br>Unser Hauptziel ist es, die Navigationserfahrung der Besucher unserer Website st\u00e4ndig zu verbessern. Um dies zu erreichen und Ihren Bed\u00fcrfnissen gerecht zu werden, verwenden wir Elemente, die sich ausschlie\u00dflich auf Ihre Pr\u00e4ferenzen beziehen, wenn Sie auf unserer Website surfen.<\/p>\n\n\n\n<p><strong>WAS SIND DIE COOKIES;<\/strong><br>Cookies sind Informationen, die in dem von Ihnen verwendeten Browser (Chrome, Mozilla Firefox usw.) in Form eines sehr kleinen Textes, der normalerweise aus Buchstaben und Zahlen besteht, gespeichert werden und dazu beitragen, unsere Website effizienter zu gestalten. Cookies verursachen keinerlei Sch\u00e4den an den Computern der Nutzer oder den darauf gespeicherten Dateien. Die in Cookies gespeicherten Informationen werden zu Identifikationszwecken verwendet. Dies erm\u00f6glicht es uns, den von uns angebotenen Service auf unserer Website effizient zu betreiben und das Verhalten der Besucher der Website zu \u00fcberwachen. Www.asikikorestaurant.gr verwendet Cookies, um die Benutzer mit Informationen zu versorgen und die \u00fcber die Website angebotenen Dienste zu verarbeiten. Es gibt 4 verschiedene Arten von Cookies:<\/p>\n\n\n\n<p><strong>Funktionale Cookies:<\/strong><br>Erm\u00f6glichen grundlegende Website-Funktionen<\/p>\n\n\n\n<p><strong>Cookies Pr\u00e4ferenzen:<\/strong><br>Diese Cookies &#8222;merken&#8220; sich Ihre Pr\u00e4ferenzen beim Surfen auf unserer Website, damit wir Ihnen die richtigen Produkte entsprechend Ihren Bed\u00fcrfnissen anbieten k\u00f6nnen.<\/p>\n\n\n\n<p><strong>Werbe-Cookies:<\/strong><br>\u039c\u03b5 \u03c4\u03b1 cookies \u03b4\u03b9\u03b1\u03c6\u03ae\u03bc\u03b9\u03c3\u03b7\u03c2 \u03b5\u03c0\u03b9\u03b4\u03b9\u03ce\u03ba\u03bf\u03c5\u03bc\u03b5 \u03bd\u03b1 \u03c3\u03bf\u03c5 \u03b4\u03b5\u03af\u03be\u03bf\u03c5\u03bc\u03b5 \u03b4\u03b9\u03b1\u03c6\u03b7\u03bc\u03af\u03c3\u03b5\u03b9\u03c2 \u03c3\u03c7\u03b5\u03c4\u03b9\u03ba\u03ad\u03c2 \u03bc\u03b5 \u03c4\u03b1 \u03b5\u03bd\u03b4\u03b9\u03b1\u03c6\u03ad\u03c1\u03bf\u03bd\u03c4\u03ac \u03c3\u03bf\u03c5, \u03ce\u03c3\u03c4\u03b5 \u03bd\u03b1 \u03bc\u03b7\u03bd \u03c3\u03b5 \u03b5\u03bd\u03bf\u03c7\u03bb\u03bf\u03cd\u03bc\u03b5 \u03bc\u03b5 \u03b1\u03bd\u03b5\u03c0\u03b9\u03b8\u03cd\u03bc\u03b7\u03c4\u03b1 \u03bc\u03b7\u03bd\u03cd\u03bc\u03b1\u03c4\u03b1.<\/p>\n\n\n\n<p><strong>Cookies Analytics:<\/strong><br>Erm\u00f6glicht es uns, die Effektivit\u00e4t der verschiedenen Funktionen unserer Website zu bewerten, damit wir unser Angebot kontinuierlich verbessern k\u00f6nnen.<\/p>\n\n\n\n<p>Konkret: Drittanbieter, einschlie\u00dflich Google, k\u00f6nnen Anzeigen des Unternehmens auf Websites anzeigen. Drittanbieter, einschlie\u00dflich Google, k\u00f6nnen Cookies verwenden, um Anzeigen zu aktualisieren, zu optimieren und anzuzeigen, die auf einem fr\u00fcheren Besuch eines Nutzers auf der Website asikikorestaurant.gr basieren. asikikorestaurant.gr kann auch Cookies von einem fr\u00fcheren Besuch auf seiner Remarketing-Website verwenden. Die Nutzer k\u00f6nnen hier w\u00e4hlen, ob sie diese Verwendung von Cookies durch Google ausschlie\u00dfen wollen. Sie k\u00f6nnen Ihren Browser so einstellen, dass Sie jedes Mal informiert werden, bevor ein Cookie gesetzt wird, und entscheiden, ob Sie es erhalten oder ablehnen wollen. Beachten Sie, dass Sie in diesem Fall m\u00f6glicherweise nicht alle Vorteile nutzen k\u00f6nnen. asikikorestaurant.gr kann Google Analytics-Funktionen f\u00fcr Display-Anzeigen nutzen (z. B. Remarketing, Display-Berichte des Google Display-Netzwerks, Integration von DoubleClick Campaign Manager sowie demografische und Interessenberichte). \u00dcber die Anzeigeneinstellungen k\u00f6nnen Besucher Google Analytics f\u00fcr Display-Anzeigen deaktivieren und Anzeigen im Google Display-Netzwerk anpassen. Hier sind die verf\u00fcgbaren Google Analytics Opt-out-Optionen f\u00fcr das Web. asikikorestaurant.gr h\u00e4lt sich an die Google AdWords-Richtlinien f\u00fcr interessenbasierte Werbung und Einschr\u00e4nkungen f\u00fcr sensible Kategorien und: Es verwendet Remarketing mit Google Analytics f\u00fcr Online-Werbung. asikikorestaurant.gr und Drittanbieter, einschlie\u00dflich Google, verwenden gemeinsam Original-Cookies (wie das Google Analytics-Cookie) und Drittanbieter-Cookies (wie das DoubleClick-Cookie), um Anzeigen entsprechend fr\u00fcherer Besuche einiger Nutzer auf ihrer Website zu aktualisieren, zu optimieren und zu schalten. asikikorestaurant. gr und Drittanbieter, einschlie\u00dflich Google, verwenden gemeinsam Original-Cookies (z. B. das Google Analytics-Cookie) und Drittanbieter-Cookies (z. B. das DoubleClick-Cookie), um Berichte dar\u00fcber zu erstellen, wie Eindr\u00fccke von asikikorestaurant.gr-Anzeigen, andere Nutzungen von Werbediensten und Interaktionen mit diesen Anzeigeneindr\u00fccken und Werbediensten mit Besuchen der asikikorestaurant.gr-Website in Verbindung stehen. asikikorestaurant.gr kann die Daten aus der interessenbasierten Werbung von Google oder Drittanbieter-Zielgruppendaten (z. B. Alter, Geschlecht und Interessen) mit Google Analytics verwenden.<\/p>\n","protected":false},"excerpt":{"rendered":"<p>WARUM VERWENDEN WIR COOKIES?Unser Hauptziel ist es, die Navigationserfahrung der Besucher unserer Website st\u00e4ndig zu verbessern. Um dies zu erreichen [&hellip;]<\/p>\n","protected":false},"author":1,"featured_media":219,"parent":0,"menu_order":0,"comment_status":"closed","ping_status":"closed","template":"page-templates\/policy-page.php","meta":{"footnotes":""},"class_list":["post-271","page","type-page","status-publish","has-post-thumbnail","hentry"],"acf":[],"_links":{"self":[{"href":"https:\/\/asikikorestaurant.gr\/de\/wp-json\/wp\/v2\/pages\/271","targetHints":{"allow":["GET"]}}],"collection":[{"href":"https:\/\/asikikorestaurant.gr\/de\/wp-json\/wp\/v2\/pages"}],"about":[{"href":"https:\/\/asikikorestaurant.gr\/de\/wp-json\/wp\/v2\/types\/page"}],"author":[{"embeddable":true,"href":"https:\/\/asikikorestaurant.gr\/de\/wp-json\/wp\/v2\/users\/1"}],"replies":[{"embeddable":true,"href":"https:\/\/asikikorestaurant.gr\/de\/wp-json\/wp\/v2\/comments?post=271"}],"version-history":[{"count":0,"href":"https:\/\/asikikorestaurant.gr\/de\/wp-json\/wp\/v2\/pages\/271\/revisions"}],"wp:featuredmedia":[{"embeddable":true,"href":"https:\/\/asikikorestaurant.gr\/de\/wp-json\/wp\/v2\/media\/219"}],"wp:attachment":[{"href":"https:\/\/asikikorestaurant.gr\/de\/wp-json\/wp\/v2\/media?parent=271"}],"curies":[{"name":"wp","href":"https:\/\/api.w.org\/{rel}","templated":true}]}}