{"id":269,"date":"2023-06-14T21:13:39","date_gmt":"2023-06-14T18:13:39","guid":{"rendered":"https:\/\/asikiko.tmy-servers.eu\/?page_id=269"},"modified":"2023-07-03T11:20:38","modified_gmt":"2023-07-03T08:20:38","slug":"tos","status":"publish","type":"page","link":"https:\/\/asikikorestaurant.gr\/de\/tos\/","title":{"rendered":"Nutzungsbedingungen"},"content":{"rendered":"<h2>1.BEDINGUNGEN UND KONDITIONEN<\/h2>\n<p>Die assikikorestaurant.gr beh\u00e4lt sich das Recht vor, einseitig zu \u00e4ndern oder zu erneuern diese Bedingungen und Konditionen. Die assikikorestaurant.gr verpflichtet sich, die Benutzer \u00fcber alle \u00c4nderungen und alle \u00c4nderungen durch die Website zu informieren.<\/p>\n<h2>2.HAFTUNGSBESCHR\u00c4NKUNG<\/h2>\n<p>Die assikikorestaurant.gr ist nicht verantwortlich f\u00fcr technische Probleme, die Benutzer auftreten k\u00f6nnen, wenn sie versuchen, auf die Website zugreifen und w\u00e4hrend dieser Zeit und sind im Zusammenhang mit dem Betrieb oder die Kompatibilit\u00e4t der eigenen Infrastruktur mit der Nutzung der Website. Dar\u00fcber hinaus hat es keine Verantwortung f\u00fcr Handlungen oder Unterlassungen von Dritten und insbesondere unbefugte Eingriffe von Dritten in Dienstleistungen und \/ oder Informationen zur Verf\u00fcgung gestellt durch sie.<\/p>\n<h2>3.NUTZERPFLICHTEN<\/h2>\n<p>Die Benutzer der Website assikikorestaurant. gr Website-Nutzer erkl\u00e4ren sich damit einverstanden, dass sie diese nicht zum Versenden, Ver\u00f6ffentlichen, Versenden von E-Mails oder zur anderweitigen \u00dcbermittlung von Inhalten nutzen werden, die illegal, sch\u00e4dlich, bedrohlich, beleidigend, missbr\u00e4uchlich, bel\u00e4stigend, verleumderisch, obsz\u00f6n, obsz\u00f6n, verleumderisch, die Privatsph\u00e4re eines anderen verletzend, rassistisch beleidigend oder rassistisch anst\u00f6\u00dfig sind, ethnisch oder anderweitig diskriminierend sind, Minderj\u00e4hrigen in irgendeiner Weise Schaden zuf\u00fcgen k\u00f6nnen, nicht zur \u00dcbermittlung gem\u00e4\u00df den gesetzlichen Bestimmungen oder vertraglichen oder verwaltungstechnischen Beziehungen berechtigt sind (wie z. B. Insider-Informationen, gesch\u00fctzte und vertrauliche Informationen, die im Rahmen von Arbeitsverh\u00e4ltnissen erworben oder weitergegeben wurden oder unter Vertraulichkeitsvereinbarungen fallen), ein Patent, eine Marke, ein Gesch\u00e4ftsgeheimnis, ein Urheberrecht oder ein sonstiges Eigentumsrecht eines Dritten verletzt; Software-Viren oder andere Codes, Dateien oder Programme enth\u00e4lt, die dazu bestimmt sind, den Betrieb von Software oder Computer-Hardware zu unterbrechen, zu besch\u00e4digen, zu zerst\u00f6ren oder zu verhindern; absichtlich oder unabsichtlich gegen geltendes griechisches und EU-Recht und dessen Bestimmungen verst\u00f6\u00dft; Dritte in irgendeiner Weise bel\u00e4stigen kann und Inhalte jeglicher Art enth\u00e4lt; oder<\/p>\n<h2>4.SICHERHEIT<\/h2>\n<p>assikikorestaurant.gr ist sich der Wichtigkeit der Sicherheit Ihrer pers\u00f6nlichen Daten bewusst und ergreift alle notwendigen Ma\u00dfnahmen, indem es die modernsten und fortschrittlichsten Methoden verwendet, um Ihre maximale Sicherheit zu gew\u00e4hrleisten. Alle Informationen, die sich auf Ihre pers\u00f6nlichen Daten beziehen, sind sicher und vertraulich.<\/p>\n<p>Um die Vertraulichkeit der Daten\u00fcbertragung zu gew\u00e4hrleisten, verwenden wir das SSL-128bit-Verschl\u00fcsselungsprotokoll. \u00dcberall dort, wo Sie auf der Website pers\u00f6nliche Daten (Name, Adressen, Telefonnummern usw.) eingeben, erfolgt eine 128-Bit-SSL-Verschl\u00fcsselung.<\/p>\n<p>Nur autorisierte Mitarbeiter haben Zugriff auf Ihre Daten und nur dann, wenn es notwendig ist, z.B. um Ihre Kontaktanfragen zu bearbeiten.<\/p>\n<p>assikikorestaurant.gr gibt keine Benutzerinformationen weiter, es sei denn, es liegt eine schriftliche Genehmigung von Ihnen vor oder es wird durch einen Gerichtsbeschluss oder eine Entscheidung einer anderen \u00f6ffentlichen Beh\u00f6rde verlangt.<\/p>\n<h2>5.SCHUTZ DER PERS\u00d6NLICHEN DATEN<\/h2>\n<p>W\u00e4hrend Ihres Besuchs auf den Seiten von assikikorestaurant.gr ist es m\u00f6glich, dass Sie aufgefordert werden, pers\u00f6nliche Informationen \u00fcber Sie (Name, Vorname, E-Mail-Adresse, etc.) in der Regel, um die Anfragen f\u00fcr die von Ihnen angeforderten Dienstleistungen zu bearbeiten. Alle pers\u00f6nlichen Daten, die Sie irgendwo auf den Seiten und Diensten von assikikorestaurant.gr angeben, werden ausschlie\u00dflich aus Gr\u00fcnden der Kommunikation mit uns, der Verbesserung der angebotenen Dienste und zur Gew\u00e4hrleistung des Betriebs des jeweiligen Dienstes aufbewahrt und d\u00fcrfen nicht von Dritten verwendet werden (au\u00dfer in den F\u00e4llen, in denen das Gesetz dies nur den zust\u00e4ndigen Beh\u00f6rden vorschreibt).<\/p>\n<p>In jedem Fall sind die Mitarbeiter von assikikorestaurant.gr, die Zugang zu Ihren pers\u00f6nlichen Daten haben, spezifisch und ein unbefugter Zugang zu Ihren pers\u00f6nlichen Daten ist verboten. Es wurden alle angemessenen Ma\u00dfnahmen zur Sicherung Ihrer Daten getroffen.<\/p>\n<p>F\u00fcr alle Fragen oder Anregungen oder Erkl\u00e4rungen im Zusammenhang mit diesen Angelegenheiten kontaktieren Sie uns bitte, indem Sie Ihre Nachricht an <a href=\"mailto:inf&#111;&#64;&#97;s&#105;kik&#111;r&#101;st&#97;u&#114;&#97;nt&#46;&#103;r\" class=\"contactEm\">i&#110;&#102;o&#064;&#097;&#115;&#105;&#107;&#105;&#107;o&#114;e&#115;t&#097;urant&#046;&#103;r<\/a><\/p>\n","protected":false},"excerpt":{"rendered":"<p>1.BEDINGUNGEN UND KONDITIONEN Die assikikorestaurant.gr beh\u00e4lt sich das Recht vor, einseitig zu \u00e4ndern oder zu erneuern diese Bedingungen und Konditionen. [&hellip;]<\/p>\n","protected":false},"author":1,"featured_media":219,"parent":0,"menu_order":0,"comment_status":"closed","ping_status":"open","template":"page-templates\/policy-page.php","meta":{"footnotes":""},"class_list":["post-269","page","type-page","status-publish","has-post-thumbnail","hentry"],"acf":[],"_links":{"self":[{"href":"https:\/\/asikikorestaurant.gr\/de\/wp-json\/wp\/v2\/pages\/269","targetHints":{"allow":["GET"]}}],"collection":[{"href":"https:\/\/asikikorestaurant.gr\/de\/wp-json\/wp\/v2\/pages"}],"about":[{"href":"https:\/\/asikikorestaurant.gr\/de\/wp-json\/wp\/v2\/types\/page"}],"author":[{"embeddable":true,"href":"https:\/\/asikikorestaurant.gr\/de\/wp-json\/wp\/v2\/users\/1"}],"replies":[{"embeddable":true,"href":"https:\/\/asikikorestaurant.gr\/de\/wp-json\/wp\/v2\/comments?post=269"}],"version-history":[{"count":0,"href":"https:\/\/asikikorestaurant.gr\/de\/wp-json\/wp\/v2\/pages\/269\/revisions"}],"wp:featuredmedia":[{"embeddable":true,"href":"https:\/\/asikikorestaurant.gr\/de\/wp-json\/wp\/v2\/media\/219"}],"wp:attachment":[{"href":"https:\/\/asikikorestaurant.gr\/de\/wp-json\/wp\/v2\/media?parent=269"}],"curies":[{"name":"wp","href":"https:\/\/api.w.org\/{rel}","templated":true}]}}